{"id":790,"date":"2014-03-19T20:59:33","date_gmt":"2014-03-19T20:59:33","guid":{"rendered":"http:\/\/backline.seerow.dev\/full-service\/"},"modified":"2014-03-19T20:59:33","modified_gmt":"2014-03-19T20:59:33","slug":"full-service","status":"publish","type":"page","link":"https:\/\/backline.ch\/de\/services\/full-service\/","title":{"rendered":"Full-Service"},"content":{"rendered":"<p>Unsere Crew liefert Dir das bestellte Material direkt auf die B\u00fchne und betreut w\u00e4hrend Soundcheck und Show die Backline und wenn n\u00f6tig auch die Musiker. Konkret: Du brauchst Dich dabei um nichts zu k\u00fcmmern.<\/p>\n","protected":false},"excerpt":{"rendered":"<p>Unsere Crew liefert Dir das bestellte Material direkt auf die B\u00fchne und betreut w\u00e4hrend Soundcheck und Show die Backline und wenn n\u00f6tig auch die Musiker. Konkret: Du brauchst Dich dabei um nichts zu k\u00fcmmern.<\/p>\n","protected":false},"author":1,"featured_media":0,"parent":999,"menu_order":1,"comment_status":"closed","ping_status":"closed","template":"","meta":{"_acf_changed":false,"footnotes":""},"class_list":["post-790","page","type-page","status-publish","hentry"],"acf":[],"_links":{"self":[{"href":"https:\/\/backline.ch\/de\/wp-json\/wp\/v2\/pages\/790","targetHints":{"allow":["GET"]}}],"collection":[{"href":"https:\/\/backline.ch\/de\/wp-json\/wp\/v2\/pages"}],"about":[{"href":"https:\/\/backline.ch\/de\/wp-json\/wp\/v2\/types\/page"}],"author":[{"embeddable":true,"href":"https:\/\/backline.ch\/de\/wp-json\/wp\/v2\/users\/1"}],"replies":[{"embeddable":true,"href":"https:\/\/backline.ch\/de\/wp-json\/wp\/v2\/comments?post=790"}],"version-history":[{"count":0,"href":"https:\/\/backline.ch\/de\/wp-json\/wp\/v2\/pages\/790\/revisions"}],"up":[{"embeddable":true,"href":"https:\/\/backline.ch\/de\/wp-json\/wp\/v2\/pages\/999"}],"wp:attachment":[{"href":"https:\/\/backline.ch\/de\/wp-json\/wp\/v2\/media?parent=790"}],"curies":[{"name":"wp","href":"https:\/\/api.w.org\/{rel}","templated":true}]}}