{"id":1343,"date":"2018-02-26T10:22:52","date_gmt":"2018-02-26T10:22:52","guid":{"rendered":"http:\/\/backline.ch\/fr\/entreprise\/team-2\/martina-stutz-backline-tech-warehouse\/"},"modified":"2025-10-28T11:06:55","modified_gmt":"2025-10-28T10:06:55","slug":"martina-stutz-backline-tech-warehouse","status":"publish","type":"page","link":"https:\/\/backline.ch\/fr\/entreprise\/team-2\/martina-stutz-backline-tech-warehouse\/","title":{"rendered":"Martina Stutz \/ Backliner"},"content":{"rendered":"<p><em>Avec nous depuis:<\/em><br \/> <br \/>\n2014<br \/> <br \/>\n<em>Concert pr\u00e9f\u00e9r\u00e9:<\/em><br \/> <br \/>\nCalexico &#8211; Stanser Musiktage 2004<br \/> <br \/>\n<em>Groupe pr\u00e9f\u00e9r\u00e9:<\/em><br \/> <br \/>\nThe National <\/p>\n","protected":false},"excerpt":{"rendered":"<p>Avec nous depuis: 2014 Concert pr\u00e9f\u00e9r\u00e9: Calexico &#8211; Stanser Musiktage 2004 Groupe pr\u00e9f\u00e9r\u00e9: The National<\/p>\n","protected":false},"author":3,"featured_media":3211,"parent":806,"menu_order":8,"comment_status":"closed","ping_status":"closed","template":"","meta":{"_acf_changed":false,"footnotes":""},"class_list":["post-1343","page","type-page","status-publish","has-post-thumbnail","hentry"],"acf":[],"_links":{"self":[{"href":"https:\/\/backline.ch\/fr\/wp-json\/wp\/v2\/pages\/1343","targetHints":{"allow":["GET"]}}],"collection":[{"href":"https:\/\/backline.ch\/fr\/wp-json\/wp\/v2\/pages"}],"about":[{"href":"https:\/\/backline.ch\/fr\/wp-json\/wp\/v2\/types\/page"}],"author":[{"embeddable":true,"href":"https:\/\/backline.ch\/fr\/wp-json\/wp\/v2\/users\/3"}],"replies":[{"embeddable":true,"href":"https:\/\/backline.ch\/fr\/wp-json\/wp\/v2\/comments?post=1343"}],"version-history":[{"count":12,"href":"https:\/\/backline.ch\/fr\/wp-json\/wp\/v2\/pages\/1343\/revisions"}],"predecessor-version":[{"id":3074,"href":"https:\/\/backline.ch\/fr\/wp-json\/wp\/v2\/pages\/1343\/revisions\/3074"}],"up":[{"embeddable":true,"href":"https:\/\/backline.ch\/fr\/wp-json\/wp\/v2\/pages\/806"}],"wp:featuredmedia":[{"embeddable":true,"href":"https:\/\/backline.ch\/fr\/wp-json\/wp\/v2\/media\/3211"}],"wp:attachment":[{"href":"https:\/\/backline.ch\/fr\/wp-json\/wp\/v2\/media?parent=1343"}],"curies":[{"name":"wp","href":"https:\/\/api.w.org\/{rel}","templated":true}]}}