{"id":2911,"date":"2022-04-19T15:45:16","date_gmt":"2022-04-19T13:45:16","guid":{"rendered":"https:\/\/backline.ch\/?page_id=2911"},"modified":"2026-01-03T14:47:31","modified_gmt":"2026-01-03T13:47:31","slug":"patrick-behrens-logistique","status":"publish","type":"page","link":"https:\/\/backline.ch\/fr\/entreprise\/team-2\/patrick-behrens-logistique\/","title":{"rendered":"Patrick Behrens \/ Logisticien\/Backliner"},"content":{"rendered":"<p><em>Avec nous depuis:<\/em><br \/>\n2022<br \/>\n<em>Concert pr\u00e9f\u00e9r\u00e9:<\/em><br \/>\nTame Impala &#8211; Mehr! Theater, Hamburg<br \/>\n<em>Groupe pr\u00e9f\u00e9r\u00e9:<\/em><br \/>\nBeach House, The War on Drugs<\/p>\n","protected":false},"excerpt":{"rendered":"<p>Avec nous depuis: 2022 Concert pr\u00e9f\u00e9r\u00e9: Tame Impala &#8211; Mehr! Theater, Hamburg Groupe pr\u00e9f\u00e9r\u00e9: Beach House, The War on Drugs<\/p>\n","protected":false},"author":3,"featured_media":3217,"parent":806,"menu_order":3,"comment_status":"closed","ping_status":"closed","template":"","meta":{"_acf_changed":false,"footnotes":""},"class_list":["post-2911","page","type-page","status-publish","has-post-thumbnail","hentry"],"acf":[],"_links":{"self":[{"href":"https:\/\/backline.ch\/fr\/wp-json\/wp\/v2\/pages\/2911","targetHints":{"allow":["GET"]}}],"collection":[{"href":"https:\/\/backline.ch\/fr\/wp-json\/wp\/v2\/pages"}],"about":[{"href":"https:\/\/backline.ch\/fr\/wp-json\/wp\/v2\/types\/page"}],"author":[{"embeddable":true,"href":"https:\/\/backline.ch\/fr\/wp-json\/wp\/v2\/users\/3"}],"replies":[{"embeddable":true,"href":"https:\/\/backline.ch\/fr\/wp-json\/wp\/v2\/comments?post=2911"}],"version-history":[{"count":4,"href":"https:\/\/backline.ch\/fr\/wp-json\/wp\/v2\/pages\/2911\/revisions"}],"predecessor-version":[{"id":3045,"href":"https:\/\/backline.ch\/fr\/wp-json\/wp\/v2\/pages\/2911\/revisions\/3045"}],"up":[{"embeddable":true,"href":"https:\/\/backline.ch\/fr\/wp-json\/wp\/v2\/pages\/806"}],"wp:featuredmedia":[{"embeddable":true,"href":"https:\/\/backline.ch\/fr\/wp-json\/wp\/v2\/media\/3217"}],"wp:attachment":[{"href":"https:\/\/backline.ch\/fr\/wp-json\/wp\/v2\/media?parent=2911"}],"curies":[{"name":"wp","href":"https:\/\/api.w.org\/{rel}","templated":true}]}}