{"id":3011,"date":"2025-10-15T20:50:35","date_gmt":"2025-10-15T18:50:35","guid":{"rendered":"https:\/\/backline.ch\/?page_id=3011"},"modified":"2026-01-03T14:46:47","modified_gmt":"2026-01-03T13:46:47","slug":"luca-juszczak","status":"publish","type":"page","link":"https:\/\/backline.ch\/fr\/entreprise\/team-2\/luca-juszczak\/","title":{"rendered":"Luca Juszczak \/ Employ\u00e9 Administratif"},"content":{"rendered":"<p><em>Avec nous depuis:<\/em><br \/>\n2025<br \/>\n<em>Concert pr\u00e9f\u00e9r\u00e9:<\/em><br \/>\nTerror, Stick to your Guns &#8211; KIFF, Aarau<br \/>\n<em>Groupe pr\u00e9f\u00e9r\u00e9:<\/em><br \/>\nMalevolence, Whitechapel<\/p>\n","protected":false},"excerpt":{"rendered":"<p>Avec nous depuis: 2025 Concert pr\u00e9f\u00e9r\u00e9: Terror, Stick to your Guns &#8211; KIFF, Aarau Groupe pr\u00e9f\u00e9r\u00e9: Malevolence, Whitechapel<\/p>\n","protected":false},"author":3,"featured_media":3220,"parent":806,"menu_order":2,"comment_status":"closed","ping_status":"closed","template":"","meta":{"_acf_changed":false,"footnotes":""},"class_list":["post-3011","page","type-page","status-publish","has-post-thumbnail","hentry"],"acf":[],"_links":{"self":[{"href":"https:\/\/backline.ch\/fr\/wp-json\/wp\/v2\/pages\/3011","targetHints":{"allow":["GET"]}}],"collection":[{"href":"https:\/\/backline.ch\/fr\/wp-json\/wp\/v2\/pages"}],"about":[{"href":"https:\/\/backline.ch\/fr\/wp-json\/wp\/v2\/types\/page"}],"author":[{"embeddable":true,"href":"https:\/\/backline.ch\/fr\/wp-json\/wp\/v2\/users\/3"}],"replies":[{"embeddable":true,"href":"https:\/\/backline.ch\/fr\/wp-json\/wp\/v2\/comments?post=3011"}],"version-history":[{"count":9,"href":"https:\/\/backline.ch\/fr\/wp-json\/wp\/v2\/pages\/3011\/revisions"}],"predecessor-version":[{"id":3114,"href":"https:\/\/backline.ch\/fr\/wp-json\/wp\/v2\/pages\/3011\/revisions\/3114"}],"up":[{"embeddable":true,"href":"https:\/\/backline.ch\/fr\/wp-json\/wp\/v2\/pages\/806"}],"wp:featuredmedia":[{"embeddable":true,"href":"https:\/\/backline.ch\/fr\/wp-json\/wp\/v2\/media\/3220"}],"wp:attachment":[{"href":"https:\/\/backline.ch\/fr\/wp-json\/wp\/v2\/media?parent=3011"}],"curies":[{"name":"wp","href":"https:\/\/api.w.org\/{rel}","templated":true}]}}