{"id":791,"date":"2014-03-19T20:59:33","date_gmt":"2014-03-19T20:59:33","guid":{"rendered":"http:\/\/backline.seerow.dev\/full-service-2\/"},"modified":"2014-03-19T20:59:33","modified_gmt":"2014-03-19T20:59:33","slug":"full-service-2","status":"publish","type":"page","link":"https:\/\/backline.ch\/fr\/services\/full-service-2\/","title":{"rendered":"Full Service"},"content":{"rendered":"<p>Notre \u00e9quipe livre le mat\u00e9riel directement sur sc\u00e8ne et reste sur le site pour assister les musiciens et techniciens et s\u2019occuper du backline. R\u00e9sultat: une exp\u00e9rience sans souci pour nos clients.<\/p>\n","protected":false},"excerpt":{"rendered":"<p>Notre \u00e9quipe livre le mat\u00e9riel directement sur sc\u00e8ne et reste sur le site pour assister les musiciens et techniciens et s\u2019occuper du backline. R\u00e9sultat: une exp\u00e9rience sans souci pour nos clients.<\/p>\n","protected":false},"author":1,"featured_media":0,"parent":998,"menu_order":1,"comment_status":"closed","ping_status":"closed","template":"","meta":{"_acf_changed":false,"footnotes":""},"class_list":["post-791","page","type-page","status-publish","hentry"],"acf":[],"_links":{"self":[{"href":"https:\/\/backline.ch\/fr\/wp-json\/wp\/v2\/pages\/791","targetHints":{"allow":["GET"]}}],"collection":[{"href":"https:\/\/backline.ch\/fr\/wp-json\/wp\/v2\/pages"}],"about":[{"href":"https:\/\/backline.ch\/fr\/wp-json\/wp\/v2\/types\/page"}],"author":[{"embeddable":true,"href":"https:\/\/backline.ch\/fr\/wp-json\/wp\/v2\/users\/1"}],"replies":[{"embeddable":true,"href":"https:\/\/backline.ch\/fr\/wp-json\/wp\/v2\/comments?post=791"}],"version-history":[{"count":0,"href":"https:\/\/backline.ch\/fr\/wp-json\/wp\/v2\/pages\/791\/revisions"}],"up":[{"embeddable":true,"href":"https:\/\/backline.ch\/fr\/wp-json\/wp\/v2\/pages\/998"}],"wp:attachment":[{"href":"https:\/\/backline.ch\/fr\/wp-json\/wp\/v2\/media?parent=791"}],"curies":[{"name":"wp","href":"https:\/\/api.w.org\/{rel}","templated":true}]}}