{"id":809,"date":"2014-03-27T22:52:56","date_gmt":"2014-03-27T22:52:56","guid":{"rendered":"http:\/\/backline.seerow.dev\/yannick-leiser-pdg\/"},"modified":"2025-12-17T09:29:06","modified_gmt":"2025-12-17T08:29:06","slug":"yannick-leiser-pdg","status":"publish","type":"page","link":"https:\/\/backline.ch\/fr\/entreprise\/team-2\/yannick-leiser-pdg\/","title":{"rendered":"Yannick Leiser \/ Famille Fondatrice\/Chef de Projets"},"content":{"rendered":"<p><em>Avec nous depuis:<\/em><br \/>\n2009<br \/>\n<em>Concert pr\u00e9f\u00e9r\u00e9:<\/em><br \/>\nJoe Cocker 1995<br \/>\n<em>Groupe pr\u00e9f\u00e9r\u00e9:<\/em><br \/>\nDead Pioneers, Dolly Parton<\/p>\n","protected":false},"excerpt":{"rendered":"<p>Avec nous depuis: 2009 Concert pr\u00e9f\u00e9r\u00e9: Joe Cocker 1995 Groupe pr\u00e9f\u00e9r\u00e9: Dead Pioneers, Dolly Parton<\/p>\n","protected":false},"author":1,"featured_media":2318,"parent":806,"menu_order":11,"comment_status":"closed","ping_status":"closed","template":"","meta":{"_acf_changed":false,"footnotes":""},"class_list":["post-809","page","type-page","status-publish","has-post-thumbnail","hentry"],"acf":[],"_links":{"self":[{"href":"https:\/\/backline.ch\/fr\/wp-json\/wp\/v2\/pages\/809","targetHints":{"allow":["GET"]}}],"collection":[{"href":"https:\/\/backline.ch\/fr\/wp-json\/wp\/v2\/pages"}],"about":[{"href":"https:\/\/backline.ch\/fr\/wp-json\/wp\/v2\/types\/page"}],"author":[{"embeddable":true,"href":"https:\/\/backline.ch\/fr\/wp-json\/wp\/v2\/users\/1"}],"replies":[{"embeddable":true,"href":"https:\/\/backline.ch\/fr\/wp-json\/wp\/v2\/comments?post=809"}],"version-history":[{"count":9,"href":"https:\/\/backline.ch\/fr\/wp-json\/wp\/v2\/pages\/809\/revisions"}],"predecessor-version":[{"id":3182,"href":"https:\/\/backline.ch\/fr\/wp-json\/wp\/v2\/pages\/809\/revisions\/3182"}],"up":[{"embeddable":true,"href":"https:\/\/backline.ch\/fr\/wp-json\/wp\/v2\/pages\/806"}],"wp:featuredmedia":[{"embeddable":true,"href":"https:\/\/backline.ch\/fr\/wp-json\/wp\/v2\/media\/2318"}],"wp:attachment":[{"href":"https:\/\/backline.ch\/fr\/wp-json\/wp\/v2\/media?parent=809"}],"curies":[{"name":"wp","href":"https:\/\/api.w.org\/{rel}","templated":true}]}}