{"id":854,"date":"2014-05-22T12:11:17","date_gmt":"2014-05-22T12:11:17","guid":{"rendered":"http:\/\/backline.seerow.dev\/bobby-leiser-fondateuractionnaire\/"},"modified":"2025-10-25T21:10:41","modified_gmt":"2025-10-25T19:10:41","slug":"bobby-leiser-fondateuractionnaire","status":"publish","type":"page","link":"https:\/\/backline.ch\/fr\/entreprise\/team-2\/bobby-leiser-fondateuractionnaire\/","title":{"rendered":"Bobby Leiser \/ Fondateur"},"content":{"rendered":"<p><em>Avec nous depuis:<\/em><br \/> <br \/>\nToujours<br \/> <br \/>\n<em>Concert pr\u00e9f\u00e9r\u00e9:<\/em><br \/> <br \/>\nThe Who at Woodstock 1968<br \/> <br \/>\n<em>Groupe pr\u00e9f\u00e9r\u00e9:<\/em><br \/> <br \/>\nVan Morrison, The Who <\/p>\n","protected":false},"excerpt":{"rendered":"<p>Avec nous depuis: Toujours Concert pr\u00e9f\u00e9r\u00e9: The Who at Woodstock 1968 Groupe pr\u00e9f\u00e9r\u00e9: Van Morrison, The Who<\/p>\n","protected":false},"author":1,"featured_media":2616,"parent":806,"menu_order":13,"comment_status":"closed","ping_status":"closed","template":"","meta":{"_acf_changed":false,"footnotes":""},"class_list":["post-854","page","type-page","status-publish","has-post-thumbnail","hentry"],"acf":[],"_links":{"self":[{"href":"https:\/\/backline.ch\/fr\/wp-json\/wp\/v2\/pages\/854","targetHints":{"allow":["GET"]}}],"collection":[{"href":"https:\/\/backline.ch\/fr\/wp-json\/wp\/v2\/pages"}],"about":[{"href":"https:\/\/backline.ch\/fr\/wp-json\/wp\/v2\/types\/page"}],"author":[{"embeddable":true,"href":"https:\/\/backline.ch\/fr\/wp-json\/wp\/v2\/users\/1"}],"replies":[{"embeddable":true,"href":"https:\/\/backline.ch\/fr\/wp-json\/wp\/v2\/comments?post=854"}],"version-history":[{"count":5,"href":"https:\/\/backline.ch\/fr\/wp-json\/wp\/v2\/pages\/854\/revisions"}],"predecessor-version":[{"id":3055,"href":"https:\/\/backline.ch\/fr\/wp-json\/wp\/v2\/pages\/854\/revisions\/3055"}],"up":[{"embeddable":true,"href":"https:\/\/backline.ch\/fr\/wp-json\/wp\/v2\/pages\/806"}],"wp:featuredmedia":[{"embeddable":true,"href":"https:\/\/backline.ch\/fr\/wp-json\/wp\/v2\/media\/2616"}],"wp:attachment":[{"href":"https:\/\/backline.ch\/fr\/wp-json\/wp\/v2\/media?parent=854"}],"curies":[{"name":"wp","href":"https:\/\/api.w.org\/{rel}","templated":true}]}}