{"id":863,"date":"2014-05-27T07:35:15","date_gmt":"2014-05-27T07:35:15","guid":{"rendered":"http:\/\/backline.seerow.dev\/urs-zimmermann-backliner-independant\/"},"modified":"2025-10-15T21:27:44","modified_gmt":"2025-10-15T19:27:44","slug":"urs-zimmermann-backliner-independant","status":"publish","type":"page","link":"https:\/\/backline.ch\/fr\/entreprise\/team-2\/urs-zimmermann-backliner-independant\/","title":{"rendered":"Urs Zimmermann \/ Backliner"},"content":{"rendered":"<p><em>Avec nous depuis:<\/em><br \/>\n2006<br \/>\n<em>Concert pr\u00e9f\u00e9r\u00e9:<\/em><br \/>\nCeux qu\u2019il ne l\u2019a pas exp\u00e9ct\u00e9<br \/>\n<em>Groupe pr\u00e9f\u00e9r\u00e9:<\/em><br \/>\nAlternant <\/p>\n","protected":false},"excerpt":{"rendered":"<p>Avec nous depuis: 2006 Concert pr\u00e9f\u00e9r\u00e9: Ceux qu\u2019il ne l\u2019a pas exp\u00e9ct\u00e9 Groupe pr\u00e9f\u00e9r\u00e9: Alternant<\/p>\n","protected":false},"author":1,"featured_media":2320,"parent":806,"menu_order":10,"comment_status":"closed","ping_status":"closed","template":"","meta":{"_acf_changed":false,"footnotes":""},"class_list":["post-863","page","type-page","status-publish","has-post-thumbnail","hentry"],"acf":[],"_links":{"self":[{"href":"https:\/\/backline.ch\/fr\/wp-json\/wp\/v2\/pages\/863","targetHints":{"allow":["GET"]}}],"collection":[{"href":"https:\/\/backline.ch\/fr\/wp-json\/wp\/v2\/pages"}],"about":[{"href":"https:\/\/backline.ch\/fr\/wp-json\/wp\/v2\/types\/page"}],"author":[{"embeddable":true,"href":"https:\/\/backline.ch\/fr\/wp-json\/wp\/v2\/users\/1"}],"replies":[{"embeddable":true,"href":"https:\/\/backline.ch\/fr\/wp-json\/wp\/v2\/comments?post=863"}],"version-history":[{"count":3,"href":"https:\/\/backline.ch\/fr\/wp-json\/wp\/v2\/pages\/863\/revisions"}],"predecessor-version":[{"id":3032,"href":"https:\/\/backline.ch\/fr\/wp-json\/wp\/v2\/pages\/863\/revisions\/3032"}],"up":[{"embeddable":true,"href":"https:\/\/backline.ch\/fr\/wp-json\/wp\/v2\/pages\/806"}],"wp:featuredmedia":[{"embeddable":true,"href":"https:\/\/backline.ch\/fr\/wp-json\/wp\/v2\/media\/2320"}],"wp:attachment":[{"href":"https:\/\/backline.ch\/fr\/wp-json\/wp\/v2\/media?parent=863"}],"curies":[{"name":"wp","href":"https:\/\/api.w.org\/{rel}","templated":true}]}}