{"id":866,"date":"2014-05-27T07:36:02","date_gmt":"2014-05-27T07:36:02","guid":{"rendered":"http:\/\/backline.seerow.dev\/andy-brooks-backliner-independant\/"},"modified":"2026-02-28T19:47:40","modified_gmt":"2026-02-28T18:47:40","slug":"andy-brooks-backliner-independant","status":"publish","type":"page","link":"https:\/\/backline.ch\/fr\/entreprise\/team-2\/andy-brooks-backliner-independant\/","title":{"rendered":"Andy Brooks \/ Backliner"},"content":{"rendered":"<p><em>Avec nous depuis:<\/em><br \/>\n1994<br \/>\n<em>Concert pr\u00e9f\u00e9r\u00e9:<\/em><br \/>\nR\u00e9lative de son humeur<br \/>\n<em>Artiste pr\u00e9f\u00e9r\u00e9:<\/em><br \/>\nThin Lizzy<\/p>\n","protected":false},"excerpt":{"rendered":"<p>Avec nous depuis: 1994 Concert pr\u00e9f\u00e9r\u00e9: R\u00e9lative de son humeur Artiste pr\u00e9f\u00e9r\u00e9: Thin Lizzy<\/p>\n","protected":false},"author":1,"featured_media":2330,"parent":806,"menu_order":6,"comment_status":"closed","ping_status":"closed","template":"","meta":{"_acf_changed":false,"footnotes":""},"class_list":["post-866","page","type-page","status-publish","has-post-thumbnail","hentry"],"acf":[],"_links":{"self":[{"href":"https:\/\/backline.ch\/fr\/wp-json\/wp\/v2\/pages\/866","targetHints":{"allow":["GET"]}}],"collection":[{"href":"https:\/\/backline.ch\/fr\/wp-json\/wp\/v2\/pages"}],"about":[{"href":"https:\/\/backline.ch\/fr\/wp-json\/wp\/v2\/types\/page"}],"author":[{"embeddable":true,"href":"https:\/\/backline.ch\/fr\/wp-json\/wp\/v2\/users\/1"}],"replies":[{"embeddable":true,"href":"https:\/\/backline.ch\/fr\/wp-json\/wp\/v2\/comments?post=866"}],"version-history":[{"count":5,"href":"https:\/\/backline.ch\/fr\/wp-json\/wp\/v2\/pages\/866\/revisions"}],"predecessor-version":[{"id":3178,"href":"https:\/\/backline.ch\/fr\/wp-json\/wp\/v2\/pages\/866\/revisions\/3178"}],"up":[{"embeddable":true,"href":"https:\/\/backline.ch\/fr\/wp-json\/wp\/v2\/pages\/806"}],"wp:featuredmedia":[{"embeddable":true,"href":"https:\/\/backline.ch\/fr\/wp-json\/wp\/v2\/media\/2330"}],"wp:attachment":[{"href":"https:\/\/backline.ch\/fr\/wp-json\/wp\/v2\/media?parent=866"}],"curies":[{"name":"wp","href":"https:\/\/api.w.org\/{rel}","templated":true}]}}