{"id":869,"date":"2014-05-27T07:42:50","date_gmt":"2014-05-27T07:42:50","guid":{"rendered":"http:\/\/backline.seerow.dev\/oliver-stobe-backliner-independantaccordeur-de-piano\/"},"modified":"2025-12-17T09:28:16","modified_gmt":"2025-12-17T08:28:16","slug":"oliver-stobe-backliner-independantaccordeur-de-piano","status":"publish","type":"page","link":"https:\/\/backline.ch\/fr\/entreprise\/team-2\/oliver-stobe-backliner-independantaccordeur-de-piano\/","title":{"rendered":"Oliver St\u00f6be \/ Backliner\/accordeur de piano"},"content":{"rendered":"<p><em>Avec nous depuis:<\/em><br \/>\n2012<br \/>\n<em>Concert pr\u00e9f\u00e9r\u00e9:<\/em><br \/>\nJamie Cullum &#8211; Gurtenfestival 2011<br \/>\n<em>Groupe pr\u00e9f\u00e9r\u00e9:<\/em><br \/>\nJoss Stone<\/p>\n","protected":false},"excerpt":{"rendered":"<p>Avec nous depuis: 2012 Concert pr\u00e9f\u00e9r\u00e9: Jamie Cullum &#8211; Gurtenfestival 2011 Groupe pr\u00e9f\u00e9r\u00e9: Joss Stone<\/p>\n","protected":false},"author":1,"featured_media":2332,"parent":806,"menu_order":9,"comment_status":"closed","ping_status":"closed","template":"","meta":{"_acf_changed":false,"footnotes":""},"class_list":["post-869","page","type-page","status-publish","has-post-thumbnail","hentry"],"acf":[],"_links":{"self":[{"href":"https:\/\/backline.ch\/fr\/wp-json\/wp\/v2\/pages\/869","targetHints":{"allow":["GET"]}}],"collection":[{"href":"https:\/\/backline.ch\/fr\/wp-json\/wp\/v2\/pages"}],"about":[{"href":"https:\/\/backline.ch\/fr\/wp-json\/wp\/v2\/types\/page"}],"author":[{"embeddable":true,"href":"https:\/\/backline.ch\/fr\/wp-json\/wp\/v2\/users\/1"}],"replies":[{"embeddable":true,"href":"https:\/\/backline.ch\/fr\/wp-json\/wp\/v2\/comments?post=869"}],"version-history":[{"count":5,"href":"https:\/\/backline.ch\/fr\/wp-json\/wp\/v2\/pages\/869\/revisions"}],"predecessor-version":[{"id":3181,"href":"https:\/\/backline.ch\/fr\/wp-json\/wp\/v2\/pages\/869\/revisions\/3181"}],"up":[{"embeddable":true,"href":"https:\/\/backline.ch\/fr\/wp-json\/wp\/v2\/pages\/806"}],"wp:featuredmedia":[{"embeddable":true,"href":"https:\/\/backline.ch\/fr\/wp-json\/wp\/v2\/media\/2332"}],"wp:attachment":[{"href":"https:\/\/backline.ch\/fr\/wp-json\/wp\/v2\/media?parent=869"}],"curies":[{"name":"wp","href":"https:\/\/api.w.org\/{rel}","templated":true}]}}